{"id":91,"date":"2020-05-25T07:57:40","date_gmt":"2020-05-25T10:57:40","guid":{"rendered":"https:\/\/enxaqueca.landoweb.com.br\/?page_id=3"},"modified":"2022-07-07T14:22:34","modified_gmt":"2022-07-07T17:22:34","slug":"politica-de-privacidade-2","status":"publish","type":"page","link":"https:\/\/tevacuidar.com\/enxaqueca\/politica-de-privacidade-2\/","title":{"rendered":"Pol\u00edtica de privacidade"},"content":{"rendered":"\n<p><strong>Pol\u00edtica de privacidade do site p\u00fablico da Teva<\/strong><\/p>\n\n\n\n<p>AVISO DE PRIVACIDADE E COOKIES<\/p>\n\n\n\n<p>Este site (\u201cSite\u201d) \u00e9 operado pela Teva Pharmaceutical Industries Ltd. (\u201cTeva\u201d) e suas afiliadas, incluindo a Teva Farmac\u00eautica Ltda. Voc\u00ea pode consultar uma lista de todas as afiliadas da Teva no seguinte site: http:\/\/www.tevapharm.com. A Teva \u00e9 mencionada neste aviso de privacidade como \u201cn\u00f3s\u201d, \u201cnos\u201d e \u201cnosso\u201d.<\/p>\n\n\n\n<p><strong>Escopo do aviso de privacidade<\/strong><\/p>\n\n\n\n<p>Este aviso de privacidade aplica-se aos dados pessoais que coletamos por meio do Site. Ele descreve como usamos os seus dados e quais s\u00e3o os seus direitos de prote\u00e7\u00e3o de dados, inclusive o direito de se opor a alguns dos tratamentos que realizamos. Mais informa\u00e7\u00f5es sobre os seus direitos e como exerc\u00ea-los est\u00e3o definidos na se\u00e7\u00e3o \u201cComo armazenamos as suas informa\u00e7\u00f5es e quais s\u00e3o os seus direitos\u201d.<\/p>\n\n\n\n<p>Nosso Site pode incluir links para outros sites, sobre os quais n\u00e3o temos controle. A Teva n\u00e3o \u00e9 respons\u00e1vel pelas pol\u00edticas de privacidade ou pr\u00e1ticas de outros sites. Tamb\u00e9m podemos criar links para outros sites operados pela Teva ou por empresas afiliadas \u00e0 Teva, que operam sob pol\u00edticas de privacidade pr\u00f3prias. Se voc\u00ea acessar esses sites a partir do nosso Site, dever\u00e1 analisar as pol\u00edticas de privacidade desses sites para que possa entender como eles coletam, utilizam e compartilham suas informa\u00e7\u00f5es.<\/p>\n\n\n\n<p><strong>Como utilizamos as suas informa\u00e7\u00f5es<\/strong><\/p>\n\n\n\n<p>Tratamos os dados pessoais que coletamos para os seguintes prop\u00f3sitos:<\/p>\n\n\n\n<ul class=\"wp-block-list\"><li>com o seu consentimento para:<ul><li>oferecer informa\u00e7\u00f5es sobre as atividades, produtos ou servi\u00e7os da Teva;<\/li><li>responder \u00e0s suas d\u00favidas ou outras correspond\u00eancias que voc\u00ea enviou por meio do Site;<\/li><li>instalar cookies e tecnologias semelhantes, conforme descrito abaixo.<br><\/li><\/ul><\/li><li>para permitir que busquemos os nossos interesses comerciais leg\u00edtimos, especificamente para:<ul><li>analisar o uso do nosso Site para melhorar continuamente o conte\u00fado e medir o desempenho;<\/li><li>otimizar e adaptar o uso do nosso site e a nossa comunica\u00e7\u00e3o com voc\u00ea.<br><\/li><\/ul><\/li><li>para cumprir as exig\u00eancias legais, regulat\u00f3rias, de farmacovigil\u00e2ncia e de conformidade, mais especificamente para responder a solicita\u00e7\u00f5es de informa\u00e7\u00e3o por parte de autoridades governamentais.<\/li><\/ul>\n\n\n\n<p><strong>Compartilhamento de seus dados pessoais<\/strong><\/p>\n\n\n\n<p>A Teva poder\u00e1 divulgar os seus dados pessoais para as seguintes categorias de destinat\u00e1rios (em todos os casos, somente quando necess\u00e1rio para cumprir as suas respectivas fun\u00e7\u00f5es):<\/p>\n\n\n\n<ul class=\"wp-block-list\"><li>nossa equipe (inclusive colaboradores e consultores externos), conselheiros profissionais e representantes;<\/li><li>outras \u00e1reas funcionais e empresas do grupo de empresas Teva em todo o mundo;<\/li><li>prestadores de servi\u00e7os terceirizados que tratam os seus dados pessoais em nome da Teva e que s\u00e3o obrigados por contrato a manter os seus dados pessoais confidenciais e protegidos de forma adequada;<\/li><li>compradores, ou compradores potenciais, de todo ou parte dos neg\u00f3cios da Teva (e seus conselheiros profissionais); e<\/li><li>autoridades do governo, ag\u00eancias regulat\u00f3rias e autoridades, se exigido pelos prop\u00f3sitos especificados acima, se previsto em lei ou se exigido para a prote\u00e7\u00e3o judicial dos nossos interesses leg\u00edtimos em conformidade com a legisla\u00e7\u00e3o aplic\u00e1vel.<\/li><\/ul>\n\n\n\n<p><strong>Cookies e tecnologias de rastreamento relacionadas<\/strong><\/p>\n\n\n\n<p><strong>Uso de Cookies no Site<\/strong><\/p>\n\n\n\n<p>A Teva utiliza cookies para coletar informa\u00e7\u00f5es sobre voc\u00ea e armazenar suas prefer\u00eancias on-line. Cookies s\u00e3o arquivos de texto que cont\u00eam pequenos volumes de informa\u00e7\u00e3o, que s\u00e3o baixados ao seu dispositivo quando voc\u00ea visita um site. Posteriormente, os cookies s\u00e3o reenviados ao site quando voc\u00ea retorna a ele; isso \u00e9 \u00fatil por permitir que o site reconhe\u00e7a o seu dispositivo. Para saber mais sobre cookies, acesse&nbsp;<a href=\"http:\/\/www.allaboutcookies.org\/\" target=\"_blank\" rel=\"noreferrer noopener\">www.allaboutcookies.org<\/a><\/p>\n\n\n\n<p>A Teva utiliza as seguintes categorias de cookies no Site:<\/p>\n\n\n\n<p>Categoria 1: Cookies estritamente necess\u00e1rios<\/p>\n\n\n\n<p>Estes cookies s\u00e3o essenciais para lhe habilitar a navegar pelo Site e utilizar seus recursos. Sem estes cookies, os servi\u00e7os que voc\u00ea solicitou (como lembrar suas informa\u00e7\u00f5es de login) n\u00e3o poder\u00e3o ser prestados.<\/p>\n\n\n\n<p>Categoria 2: Cookies de Performance<\/p>\n\n\n\n<p>Estes cookies coletam informa\u00e7\u00f5es sobre como as pessoas utilizam o Site. Por exemplo, a Teva os utiliza para nos ajudar a entender como os clientes chegam ao Site, navegam ou utilizam o site e destacar aspectos em que podemos melhorar, como navega\u00e7\u00e3o, experi\u00eancia do usu\u00e1rio e campanhas de marketing. Todas as informa\u00e7\u00f5es coletadas por estes cookies s\u00e3o agregadas e, portanto, an\u00f4nimas. Seu uso destina-se apenas a melhorar o funcionamento do Site.<\/p>\n\n\n\n<p>Categoria 3: Cookies de funcionalidade<\/p>\n\n\n\n<p>Estes cookies relembram as op\u00e7\u00f5es que voc\u00ea tenha feito (como idioma, por exemplo). Eles podem ser utilizados para lhe proporcionar uma experi\u00eancia mais apropriada \u00e0s suas sele\u00e7\u00f5es e para personalizar suas visitas ao Site. As informa\u00e7\u00f5es que estes cookies coletam podem permanecer an\u00f4nimas, e eles n\u00e3o rastreiam sua atividade de navega\u00e7\u00e3o em outros sites.<\/p>\n\n\n\n<p>Se quiser excluir qualquer cookie que j\u00e1 esteja em seu computador, consulte a \u00e1rea de ajuda e suporte do seu navegador de internet para consultar como localizar o arquivo ou pasta que armazena cookies.<\/p>\n\n\n\n<p>Informa\u00e7\u00f5es sobre excluir ou controlar cookies tamb\u00e9m est\u00e3o dispon\u00edveis em&nbsp;<a href=\"https:\/\/spteams.tevanet.teva.corp\/sites\/StandartCorpora\/Shared%20Documents\/www.allaboutcookies.org\" target=\"_blank\" rel=\"noreferrer noopener\">www.allaboutcookies.org<\/a>. Note que, ao excluir nossos cookies (ou desabilitar futuros cookies), voc\u00ea poder\u00e1 n\u00e3o acessar certas \u00e1reas ou recursos do Site.<\/p>\n\n\n\n<p><strong>Uso de Web Beacons<\/strong><\/p>\n\n\n\n<p>Algumas p\u00e1ginas de nosso Site e e-mails que podemos enviar cont\u00eam imagens eletr\u00f4nicas, conhecidas como \u201cweb beacons\u201d (\u00e0s vezes chamadas \u201cclear gifs\u201d), que nos permitem contar os usu\u00e1rios que visitaram estas p\u00e1ginas ou leram nossos e-mails. Os \u201cweb beacons\u201d coletam apenas informa\u00e7\u00f5es limitadas, que incluem um n\u00famero de cookie, hora e data de uma visualiza\u00e7\u00e3o de p\u00e1gina e uma descri\u00e7\u00e3o da p\u00e1gina na qual o \u201cweb beacon\u201d est\u00e1 instalado. Esses \u201cbeacons\u201d n\u00e3o envolvem nenhum dado pessoal e s\u00e3o utilizados apenas para acompanhar a efic\u00e1cia de uma campanha em particular.<\/p>\n\n\n\n<p><strong>Como n\u00f3s armazenamos suas informa\u00e7\u00f5es e seus direitos<\/strong><\/p>\n\n\n\n<p>Preservamos todas as informa\u00e7\u00f5es que coletamos sobre as suas intera\u00e7\u00f5es com a Teva. As suas informa\u00e7\u00f5es ser\u00e3o preservadas por dois anos, ou conforme necess\u00e1rio para os prop\u00f3sitos estabelecidos acima, de acordo com a legisla\u00e7\u00e3o aplic\u00e1vel.<\/p>\n\n\n\n<p>Voc\u00ea pode ter o direito, nos termos da legisla\u00e7\u00e3o aplic\u00e1vel, de solicitar \u00e0 Teva uma c\u00f3pia das suas informa\u00e7\u00f5es para corrigir, excluir ou restringir o tratamento delas, ou de nos solicitar a transfer\u00eancia de parte dessas informa\u00e7\u00f5es para outras organiza\u00e7\u00f5es. Voc\u00ea tamb\u00e9m tem direito de recusar parte do tratamento. Esses direitos podem ser limitados em algumas situa\u00e7\u00f5es, por exemplo, quando pudermos demonstrar que temos uma exig\u00eancia legal para tratar seus dados pessoais ou nas demais hip\u00f3teses legais, incluindo o interesse leg\u00edtimo da controladora ou para o exerc\u00edcio regular de direitos ou outra hip\u00f3tese legal.<\/p>\n\n\n\n<p>Quando voc\u00ea tiver consentido o tratamento de seus dados, \u00e9 poss\u00edvel retirar tal consentimento a qualquer momento.<\/p>\n\n\n\n<p>Para exercer os seus direitos com rela\u00e7\u00e3o aos seus dados pessoais, entre em contato conosco. Se voc\u00ea mora na Europa, entre em contato conosco pelo e-mail&nbsp;<a href=\"mailto:euprivacy@tevaeu.com\">euprivacy@tevaeu.com<\/a>. Para a Alemanha, entre em contato pelo e-mail&nbsp;<a href=\"mailto:datenschutz@teva.de\">datenschutz@teva.de<\/a>. Para todas as outras regi\u00f5es, entre em contato conosco pelo e-mail&nbsp;<a href=\"mailto:IL_Privacy.%20Tevail@teva.co.il\">IL_Privacy. Tevail@teva.co.il<\/a>.<\/p>\n\n\n\n<p>Esperamos poder satisfazer as d\u00favidas que voc\u00ea possa ter sobre a forma que tratamos os seus dados pessoais. Caso tenha alguma preocupa\u00e7\u00e3o sobre como tratamos os seus dados pessoais, voc\u00ea pode entrar em contato com o departamento de Prote\u00e7\u00e3o de dados da Teva entrando em contato conosco. Se voc\u00ea mora na Europa, voc\u00ea pode entrar em contato conosco pelo e-mail&nbsp;<a href=\"mailto:EUprivacy@tevaEU.com\">EUprivacy@tevaEU.com<\/a>. Por\u00e9m, caso tenha preocupa\u00e7\u00f5es n\u00e3o resolvidas, voc\u00ea tamb\u00e9m tem o direito de apresentar uma reclama\u00e7\u00e3o \u00e0 autoridade nacional de prote\u00e7\u00e3o de dados do local onde voc\u00ea vive, trabalha ou acredita que uma viola\u00e7\u00e3o de prote\u00e7\u00e3o de dados tenha ocorrido.<\/p>\n\n\n\n<p><strong>Transfer\u00eancias internacionais<\/strong><\/p>\n\n\n\n<p>A Teva opera internacionalmente e transferir\u00e1 as suas informa\u00e7\u00f5es para pa\u00edses al\u00e9m do seu pr\u00f3prio e para fora do Brasil, inclusive Israel, Uni\u00e3o Europeia e Estados Unidos. Ao transferir suas informa\u00e7\u00f5es para Israel, a Teva conta com a decis\u00e3o da Comiss\u00e3o Europeia sobre a adequa\u00e7\u00e3o com rela\u00e7\u00e3o \u00e0 transfer\u00eancia de dados da Uni\u00e3o Europeia para Israel; ao transferir para os EUA, a Teva usa a certifica\u00e7\u00e3o Privacy Shield da Teva Pharmaceutical USA Ltd.; ao transferir para outros pa\u00edses fora do EEE, a Teva geralmente conta com as cl\u00e1usulas contratuais padr\u00e3o aprovadas pela Comiss\u00e3o da UE. Informa\u00e7\u00f5es sobre o mecanismo relevante podem ser prestadas mediante solicita\u00e7\u00e3o pelo e-mail&nbsp;<a href=\"mailto:EUprivacy@tevaEU.com\">EUprivacy@tevaEU.com<\/a>.<\/p>\n\n\n\n<p><strong>Altera\u00e7\u00f5es a este aviso de privacidade<\/strong><\/p>\n\n\n\n<p>Se nossa Pol\u00edtica de Privacidade for alterada de alguma forma, a Teva disponibilizar\u00e1 uma vers\u00e3o atualizada da Pol\u00edtica nesta p\u00e1gina. Revisar regularmente esta p\u00e1gina garante que voc\u00ea esteja sempre ciente de quais informa\u00e7\u00f5es coletamos, como a Teva as utiliza e sob quais circunst\u00e2ncias, se houver, n\u00f3s as compartilharemos com outras partes.<\/p>\n\n\n\n<p>Data de entrada em vigor: Mar\u00e7o de 2018<\/p>\n","protected":false},"excerpt":{"rendered":"<p>Pol\u00edtica de privacidade do site p\u00fablico da Teva AVISO DE PRIVACIDADE E COOKIES Este site (\u201cSite\u201d) \u00e9 operado pela Teva Pharmaceutical Industries Ltd. (\u201cTeva\u201d) e suas afiliadas, incluindo a Teva Farmac\u00eautica Ltda. Voc\u00ea pode consultar uma lista de todas as afiliadas da Teva no seguinte site: http:\/\/www.tevapharm.com. A Teva \u00e9 mencionada neste aviso de privacidade [&hellip;]<\/p>\n","protected":false},"author":1,"featured_media":0,"parent":0,"menu_order":0,"comment_status":"closed","ping_status":"closed","template":"","meta":{"footnotes":""},"class_list":["post-91","page","type-page","status-publish","hentry"],"_links":{"self":[{"href":"https:\/\/tevacuidar.com\/enxaqueca\/wp-json\/wp\/v2\/pages\/91","targetHints":{"allow":["GET"]}}],"collection":[{"href":"https:\/\/tevacuidar.com\/enxaqueca\/wp-json\/wp\/v2\/pages"}],"about":[{"href":"https:\/\/tevacuidar.com\/enxaqueca\/wp-json\/wp\/v2\/types\/page"}],"author":[{"embeddable":true,"href":"https:\/\/tevacuidar.com\/enxaqueca\/wp-json\/wp\/v2\/users\/1"}],"replies":[{"embeddable":true,"href":"https:\/\/tevacuidar.com\/enxaqueca\/wp-json\/wp\/v2\/comments?post=91"}],"version-history":[{"count":1,"href":"https:\/\/tevacuidar.com\/enxaqueca\/wp-json\/wp\/v2\/pages\/91\/revisions"}],"predecessor-version":[{"id":297,"href":"https:\/\/tevacuidar.com\/enxaqueca\/wp-json\/wp\/v2\/pages\/91\/revisions\/297"}],"wp:attachment":[{"href":"https:\/\/tevacuidar.com\/enxaqueca\/wp-json\/wp\/v2\/media?parent=91"}],"curies":[{"name":"wp","href":"https:\/\/api.w.org\/{rel}","templated":true}]}}