{"id":429,"date":"2024-05-24T09:59:26","date_gmt":"2024-05-24T12:59:26","guid":{"rendered":"https:\/\/tevacuidar.com\/enxaqueca\/?page_id=429"},"modified":"2026-01-16T14:31:08","modified_gmt":"2026-01-16T17:31:08","slug":"programa-de-descontos","status":"publish","type":"page","link":"https:\/\/tevacuidar.com\/enxaqueca\/programa-de-descontos\/","title":{"rendered":"Programa de descontos"},"content":{"rendered":"<h3 class=\"p1\">PROGRAMA DE DESCONTOS AJOVY\u00ae \u2013 NOVAS REGRAS E BENEF\u00cdCIOS<\/h3>\n<p>&nbsp;<\/p>\n<p>O Programa de Descontos AJOVY\u00ae foi desenvolvido para ampliar o acesso dos pacientes ao tratamento preventivo da enxaqueca, oferecendo condi\u00e7\u00f5es especiais de compra nas redes credenciadas. A partir da data de vig\u00eancia do novo regulamento, os benef\u00edcios passam a ser aplicados de forma padronizada em todo o territ\u00f3rio nacional.<\/p>\n<p>&nbsp;<\/p>\n<h6 class=\"p1\"><strong>1. Como participar do Programa de Descontos<\/strong><\/h6>\n<p class=\"p1\">Para ter acesso aos benef\u00edcios, o paciente deve:<\/p>\n<ul>\n<li>Estar cadastrado no Programa Teva Cuidar e aceitar o regulamento.<\/li>\n<li>Possuir hist\u00f3rico de compra de no m\u00ednimo 3 (tr\u00eas) unidades de AJOVY\u00ae (fremanezumabe) nos \u00faltimos 6 (seis) meses, conforme valida\u00e7\u00e3o pelo sistema do Programa no mesmo canal de compra credenciado (SAR, 4Bio ou DPSP), sendo necess\u00e1rio que a compra subsequente seja realizada em uma \u00fanica transa\u00e7\u00e3o contendo, no m\u00ednimo, 3 (tr\u00eas) unidades, condi\u00e7\u00e3o para a aplica\u00e7\u00e3o do desconto.*.<\/li>\n<li>Realizar as compras exclusivamente nas redes participantes do Programa.<\/li>\n<\/ul>\n<p>&nbsp;<\/p>\n<h6 class=\"p1\"><strong>2. Regras de Desconto<\/strong><\/h6>\n<table style=\"background-color: white !important; border: 1px solid gray;\" width=\"100%\">\n<tbody>\n<tr>\n<td style=\"border: 1px solid gray;\" width=\"33%\"><strong>Rede credenciada<\/strong><\/td>\n<td style=\"border: 1px solid gray;\" width=\"33%\"><strong>Desconto aplicado<\/strong><\/td>\n<td style=\"border: 1px solid gray;\" width=\"33%\"><strong>Condi\u00e7\u00e3o para libera\u00e7\u00e3o<\/strong><\/td>\n<\/tr>\n<tr>\n<td style=\"border: 1px solid gray;\" width=\"33%\">SAR e 4Bio<\/td>\n<td style=\"border: 1px solid gray;\" width=\"33%\">30% de desconto<\/td>\n<td style=\"border: 1px solid gray;\" width=\"33%\">Ap\u00f3s hist\u00f3rico de 3 unidades compradas (\u00faltimos 6 meses)<\/td>\n<\/tr>\n<tr>\n<td style=\"border: 1px solid gray;\" width=\"33%\">Drogaria S\u00e3o Paulo e Drogaria Pacheco (territ\u00f3rio nacional)<\/td>\n<td style=\"border: 1px solid gray;\" width=\"33%\">R$ 270,00 de desconto por unidade<\/td>\n<td style=\"border: 1px solid gray;\" width=\"33%\">Ap\u00f3s hist\u00f3rico de 3 unidades compradas (\u00faltimos 6 meses)<\/td>\n<\/tr>\n<\/tbody>\n<\/table>\n<p>&nbsp;<\/p>\n<p>Observa\u00e7\u00e3o:\u00a0O benef\u00edcio ser\u00e1 aplicado a partir da 4\u00aa unidade,\u00a0<strong>desde que o paciente esteja <\/strong>cadastrado no Programa Teva Cuidar, eleg\u00edvel e realize a compra em uma \u00fanica transa\u00e7\u00e3o contendo, no m\u00ednimo, 3 (tr\u00eas) unidades de AJOVY\u00ae.<\/p>\n<p class=\"p1\"><strong>Importante:<\/strong> A regra de retroatividade aplica-se apenas \u00e0s redes SAR e 4Bio, desde que as compras anteriores tenham sido realizadas nos \u00faltimos 6 (seis) meses e o paciente efetue o cadastro no Programa TEVA CUIDAR.<\/p>\n<p>Compras realizadas na rede DPSP (Drogaria S\u00e3o Paulo e Drogaria Pacheco) antes do cadastro <strong>n\u00e3o s\u00e3o eleg\u00edveis para retroatividade<\/strong>, em raz\u00e3o de limita\u00e7\u00f5es t\u00e9cnicas e das regras de privacidade previstas na Lei Geral de Prote\u00e7\u00e3o de Dados Pessoais (Lei n\u00ba 13.709\/2018).<\/p>\n<p>&nbsp;<\/p>\n<h6 class=\"p1\"><strong>3. Rede Credenciada \/ Locais de Compra<\/strong><\/h6>\n<ul>\n<li class=\"p1\">Deliveries SAR e 4Bio<\/li>\n<li class=\"p1\">Rede Drogaria S\u00e3o Paulo e Drogaria Pacheco (territ\u00f3rio nacional)<\/li>\n<\/ul>\n<p>&nbsp;<\/p>\n<h6 class=\"p1\"><strong>4. Como se cadastrar ou tirar d\u00favidas<\/strong><\/h6>\n<ul>\n<li class=\"p1\">Telefone \/ WhatsApp: 0800 772 2660<\/li>\n<li class=\"p1\">Site: www.tevacuidar.com<\/li>\n<\/ul>\n<p>&nbsp;<\/p>\n<h6 class=\"p1\"><strong>5. Documentos e Informa\u00e7\u00f5es \u00dateis<\/strong><\/h6>\n<ul>\n<li class=\"p1\">Regulamento completo do Programa: www.tevacuidar.com<\/li>\n<li class=\"p1\">Cadastro e contato no Programa Teva Cuidar: Telefone e WhatsApp: 0800-772-2660<\/li>\n<li class=\"p1\">FAQ (perguntas frequentes) oficial do Programa de Descontos AJOVY\u00ae: disponibilizado pela TEVA atrav\u00e9s do site e telefone do Programa.<\/li>\n<li class=\"p1\"><strong>0800 772 2660 (telefone e WhatsApp)<\/strong><\/li>\n<li class=\"p1\"><strong>www.tevacuidar.com<\/strong><\/li>\n<\/ul>\n<p>&nbsp;<\/p>\n<h6 class=\"p1\"><strong>6. Vig\u00eancia<\/strong><\/h6>\n<p>A vig\u00eancia do Programa, bem como a data de in\u00edcio da aplica\u00e7\u00e3o das novas regras, observar\u00e1 o prazo de 30 (trinta) dias da publica\u00e7\u00e3o do Regulamento atualizado no site oficial do TEVA Cuidar.<\/p>\n<p>&nbsp;<\/p>\n<p>Leia o regulamento na integra clicando no bot\u00e3o abaixo:<\/p>\n<p><a href=\"https:\/\/tevacuidar.com\/enxaqueca\/wp-content\/term\/Regulamento_Programa_Desconto_Ajovy.pdf\" target=\"_blank\" rel=\"noopener noreferrer\"><img loading=\"lazy\" decoding=\"async\" class=\"alignnone wp-image-430\" src=\"https:\/\/tevacuidar.com\/enxaqueca\/wp-content\/uploads\/2024\/05\/btn_regulamento-300x72.png\" alt=\"\" width=\"208\" height=\"50\" srcset=\"https:\/\/tevacuidar.com\/enxaqueca\/wp-content\/uploads\/2024\/05\/btn_regulamento-300x72.png 300w, https:\/\/tevacuidar.com\/enxaqueca\/wp-content\/uploads\/2024\/05\/btn_regulamento.png 414w\" sizes=\"auto, (max-width: 208px) 100vw, 208px\" \/><\/a><\/p>\n","protected":false},"excerpt":{"rendered":"<p>PROGRAMA DE DESCONTOS AJOVY\u00ae \u2013 NOVAS REGRAS E BENEF\u00cdCIOS &nbsp; O Programa de Descontos AJOVY\u00ae foi desenvolvido para ampliar o acesso dos pacientes ao tratamento preventivo da enxaqueca, oferecendo condi\u00e7\u00f5es especiais de compra nas redes credenciadas. A partir da data de vig\u00eancia do novo regulamento, os benef\u00edcios passam a ser aplicados de forma padronizada em [&hellip;]<\/p>\n","protected":false},"author":4,"featured_media":0,"parent":0,"menu_order":0,"comment_status":"closed","ping_status":"closed","template":"","meta":{"footnotes":""},"class_list":["post-429","page","type-page","status-publish","hentry"],"_links":{"self":[{"href":"https:\/\/tevacuidar.com\/enxaqueca\/wp-json\/wp\/v2\/pages\/429","targetHints":{"allow":["GET"]}}],"collection":[{"href":"https:\/\/tevacuidar.com\/enxaqueca\/wp-json\/wp\/v2\/pages"}],"about":[{"href":"https:\/\/tevacuidar.com\/enxaqueca\/wp-json\/wp\/v2\/types\/page"}],"author":[{"embeddable":true,"href":"https:\/\/tevacuidar.com\/enxaqueca\/wp-json\/wp\/v2\/users\/4"}],"replies":[{"embeddable":true,"href":"https:\/\/tevacuidar.com\/enxaqueca\/wp-json\/wp\/v2\/comments?post=429"}],"version-history":[{"count":25,"href":"https:\/\/tevacuidar.com\/enxaqueca\/wp-json\/wp\/v2\/pages\/429\/revisions"}],"predecessor-version":[{"id":538,"href":"https:\/\/tevacuidar.com\/enxaqueca\/wp-json\/wp\/v2\/pages\/429\/revisions\/538"}],"wp:attachment":[{"href":"https:\/\/tevacuidar.com\/enxaqueca\/wp-json\/wp\/v2\/media?parent=429"}],"curies":[{"name":"wp","href":"https:\/\/api.w.org\/{rel}","templated":true}]}}